{"id":76,"date":"2024-02-14T19:28:46","date_gmt":"2024-02-14T16:28:46","guid":{"rendered":"https:\/\/astroalfa.com\/?page_id=76"},"modified":"2024-02-14T19:28:46","modified_gmt":"2024-02-14T16:28:46","slug":"astroloji-nedir","status":"publish","type":"page","link":"https:\/\/astroalfa.com\/index.php\/astroloji-nedir\/","title":{"rendered":"Astroloji Nedir ?"},"content":{"rendered":"\n<p><strong>Astroloji<\/strong>, yunanca \u2018astro\u2019 ve \u2018logos\u2019 kelimelerinden t\u00fcretilmi\u015ftir. Astro, y\u0131ld\u0131z anlam\u0131na gelirken logos ise, bilgi anlam\u0131nda kullan\u0131l\u0131r.<strong><a href=\"https:\/\/timeakademi.com\/egitimler\/astroloji-egitimi\">Astroloji<\/a>\u00a0<\/strong>\u00a0g\u00f6k cisimlerinin hareketlerini ve g\u00f6receli konumlar\u0131n\u0131 inceleyerek canl\u0131 veya cans\u0131z varl\u0131klar\u0131n bunlardan nas\u0131l etkilenece\u011fini ara\u015ft\u0131r\u0131r.<\/p>\n","protected":false},"excerpt":{"rendered":"<p>Astroloji, yunanca \u2018astro\u2019 ve \u2018logos\u2019 kelimelerinden t\u00fcretilmi\u015ftir. Astro, y\u0131ld\u0131z anlam\u0131na gelirken logos ise, bilgi anlam\u0131nda kullan\u0131l\u0131r.Astroloji\u00a0\u00a0g\u00f6k cisimlerinin hareketlerini ve g\u00f6receli konumlar\u0131n\u0131 inceleyerek canl\u0131 veya cans\u0131z varl\u0131klar\u0131n bunlardan nas\u0131l etkilenece\u011fini ara\u015ft\u0131r\u0131r.<\/p>\n","protected":false},"author":1,"featured_media":0,"parent":0,"menu_order":0,"comment_status":"closed","ping_status":"closed","template":"","meta":{"om_disable_all_campaigns":false,"footnotes":""},"aioseo_notices":[],"_links":{"self":[{"href":"https:\/\/astroalfa.com\/index.php\/wp-json\/wp\/v2\/pages\/76"}],"collection":[{"href":"https:\/\/astroalfa.com\/index.php\/wp-json\/wp\/v2\/pages"}],"about":[{"href":"https:\/\/astroalfa.com\/index.php\/wp-json\/wp\/v2\/types\/page"}],"author":[{"embeddable":true,"href":"https:\/\/astroalfa.com\/index.php\/wp-json\/wp\/v2\/users\/1"}],"replies":[{"embeddable":true,"href":"https:\/\/astroalfa.com\/index.php\/wp-json\/wp\/v2\/comments?post=76"}],"version-history":[{"count":1,"href":"https:\/\/astroalfa.com\/index.php\/wp-json\/wp\/v2\/pages\/76\/revisions"}],"predecessor-version":[{"id":77,"href":"https:\/\/astroalfa.com\/index.php\/wp-json\/wp\/v2\/pages\/76\/revisions\/77"}],"wp:attachment":[{"href":"https:\/\/astroalfa.com\/index.php\/wp-json\/wp\/v2\/media?parent=76"}],"curies":[{"name":"wp","href":"https:\/\/api.w.org\/{rel}","templated":true}]}}