{"id":79,"date":"2024-02-14T19:33:24","date_gmt":"2024-02-14T16:33:24","guid":{"rendered":"https:\/\/astroalfa.com\/?page_id=79"},"modified":"2024-02-14T19:33:25","modified_gmt":"2024-02-14T16:33:25","slug":"gezegenler","status":"publish","type":"page","link":"https:\/\/astroalfa.com\/index.php\/gezegenler\/","title":{"rendered":"Gezegenler"},"content":{"rendered":"\n<p><strong>G\u00dcNE\u015e<\/strong><\/p>\n\n\n\n<p>Ger\u00e7ekliktir. Ger\u00e7ekte ya\u015fad\u0131klar\u0131m\u0131zd\u0131r. Ki\u015fili\u011fin \u00f6z\u00fc, ya\u015fam enerjisi ve yarat\u0131c\u0131 kapasite ile bilgi verir. Ego, bilin\u00e7, hayattaki niyet, ama\u00e7, ula\u015f\u0131lmak istenen hedeftir. &nbsp;Hayatta gidilen y\u00f6n\u00fc anlat\u0131r. Canl\u0131l\u0131\u011f\u0131m\u0131z\u0131n sebebi, \u201colmak\u201d i\u00e7in benimsedi\u011fimiz yol, g\u00fc\u00e7 ve tamamlanma duygusu veren kayna\u011f\u0131 g\u00f6sterir. Ayr\u0131ca kahraman\u0131m\u0131zd\u0131r ve baba ba\u015fta olmak \u00fczere hayat\u0131m\u0131zdaki otorite fig\u00fcrleridir. Kad\u0131n haritas\u0131nda e\u015fle ilgili bilgi verir. Eril prensiptir, v\u00fccutta kalbe kar\u015f\u0131l\u0131k gelir. Mitolojide Apollo\u2019dur. Astrolojik haritada G\u00fcne\u015f\u2019in bulundu\u011fu bur\u00e7, ev ve ald\u0131\u011f\u0131 a\u00e7\u0131lar ki\u015finin \u00f6z g\u00fcveni ve kendine duydu\u011fu sayg\u0131 ile ilgili \u00f6nemli bilgiler verir.&nbsp;<\/p>\n\n\n\n<p>G\u00fcne\u015f Aslan\u2019\u0131 y\u00f6netir, Ko\u00e7\u2019ta y\u00fccelir, Kova\u2019da zararl\u0131 ve Terazi\u2019de d\u00fc\u015fer.<\/p>\n\n\n\n<p><strong>AY<\/strong><\/p>\n\n\n\n<p>Ki\u015finin ruh hali ve duygu d\u00fcnyas\u0131yla ilgili bilgiler verir. Korunma ve g\u00fcven duygusunun kayna\u011f\u0131, ihtiya\u00e7lar, al\u0131\u015fkanl\u0131klar, g\u00fcd\u00fcsel davran\u0131\u015flar ve tepki g\u00f6sterme tarz\u0131n\u0131 anlat\u0131r. Ayr\u0131ca evdeki psikolojik atmosfer, yuva-ev-yerle\u015fimle ilgili konular, bilin\u00e7alt\u0131, ge\u00e7mi\u015ften gelenler, an\u0131lar, aile k\u00f6kleriyle ilgili bilgileri g\u00f6sterir. Di\u015fil enerji, ki\u015finin ya\u015fam\u0131ndaki anne fig\u00fcr\u00fc ve ondan \u00f6\u011frenilen do\u011frulard\u0131r. Anneyle ili\u015fkiler, bir kad\u0131n\u0131n nas\u0131l bir anne oldu\u011fu, kad\u0131n fig\u00fcrler, erkekler i\u00e7in e\u015f hakk\u0131nda bilgiler verir. Beslenme al\u0131\u015fkanl\u0131klar\u0131 da Ay ile anlat\u0131l\u0131r. Ayr\u0131ca mitolojide Artemis\u2019le anlat\u0131l\u0131r. V\u00fccuttaki s\u0131v\u0131lar, hormonlar, mide ve sindirim sistemi, kad\u0131nda \u00fcreme organlar\u0131 ile do\u011furganl\u0131k kapasitesini anlat\u0131r. Ay\u2019\u0131n bulundu\u011fu bur\u00e7, ev ve a\u00e7\u0131lar ki\u015finin duygu d\u00fcnyas\u0131yla ilgili a\u00e7\u0131klay\u0131c\u0131 bilgiler verir.<\/p>\n\n\n\n<p>Ay Yenge\u00e7\u2019i y\u00f6netir, Bo\u011fa\u2019da y\u00fccelir, O\u011flak\u2019ta zararl\u0131 ve Akrep\u2019te d\u00fc\u015fer.<\/p>\n\n\n\n<p><strong>MERK\u00dcR<\/strong><\/p>\n\n\n\n<p>Ki\u015finin zihninin nas\u0131l \u00e7al\u0131\u015ft\u0131\u011f\u0131n\u0131, ileti\u015fimi kurma \u015feklini, dili kullanma ve dil \u00f6\u011frenme becerisini anlat\u0131r. Bireyin alg\u0131s\u0131n\u0131n nas\u0131l \u00e7al\u0131\u015ft\u0131\u011f\u0131n\u0131, bilgiyi alma, ald\u0131\u011f\u0131 bilgiyi i\u015fleme \u015fekli ve bunu ba\u015fkalar\u0131na nas\u0131l aktard\u0131\u011f\u0131n\u0131 g\u00f6sterir. Zihinsel faaliyetler, e\u011fitim hayat\u0131, karde\u015fler Merk\u00fcr\u2019le g\u00f6sterilir. Ayr\u0131ca ki\u015finin ikna kabiliyeti ve pazarl\u0131k yetene\u011fini anlat\u0131r. K\u0131sa yolculuklar\u0131 nereye nas\u0131l neden yapt\u0131\u011f\u0131n\u0131 ve ticari faaliyetlerini g\u00f6sterir. Merk\u00fcr\u2019\u00fc mitolojide Hermes anlat\u0131r. V\u00fccutta sinir sistemini, akci\u011ferler ve b\u00fct\u00fcn solunum sistemini,&nbsp; eller, kollar ve hatta ki\u015fiyi bir yerden bir yere g\u00f6t\u00fcren bacaklar\u0131 anlat\u0131r.&nbsp; Merk\u00fcr\u2019\u00fcn bulundu\u011fu bur\u00e7, ev ve a\u00e7\u0131lar\u0131 zihnin \u00e7al\u0131\u015fma prensibi, becerikli ve pratik olup olmad\u0131\u011f\u0131 hakk\u0131nda bilgiler verir.<\/p>\n\n\n\n<p>Merk\u00fcr \u0130kizler ve Ba\u015fak\u2019ta y\u00f6neticidir, Ba\u015fak\u2019ta ayr\u0131ca y\u00fccelir, Yay ve Bal\u0131k\u2019ta zararl\u0131d\u0131r.<\/p>\n\n\n\n<p><strong>VEN\u00dcS<\/strong><\/p>\n\n\n\n<p>Ki\u015finin ili\u015fkilerini, sevgiyi verme ve alma \u015feklini, ba\u011f kurma kapasitesini, zevklerini, estetik duygusunu, &nbsp;hayatta nelerden mutlu oldu\u011fu g\u00f6sterir. Kar\u015f\u0131 cinsle kurulan duygusal ili\u015fkiler, ki\u015finin ba\u015fkalar\u0131n\u0131 nas\u0131l cezbetti\u011fi ve sempati toplama yolu, a\u015fka ve evlili\u011fe yakla\u015f\u0131m\u0131 Ven\u00fcs\u2019le anlat\u0131l\u0131r. Di\u015fili\u011fin prensibidir. Pasif enerjidir. Kad\u0131n haritas\u0131nda di\u015fili\u011fi nas\u0131l ya\u015fad\u0131\u011f\u0131, erkek haritas\u0131nda ise ne tip di\u015fi fig\u00fcrlere \u00e7ekim hissetti\u011fini g\u00f6sterir. Ayr\u0131ca ki\u015finin sosyal hayat\u0131n i\u00e7indeki durumu, ili\u015fkileri ve sosyalle\u015fme kapasitesini g\u00f6sterir. Ven\u00fcs bir ayna gibi \u00e7al\u0131\u015f\u0131r, ki\u015fi ba\u015fkalar\u0131na nas\u0131l yakla\u015f\u0131yorsa ald\u0131\u011f\u0131 kar\u015f\u0131l\u0131k da ayn\u0131s\u0131d\u0131r. Ayr\u0131ca ki\u015finin de\u011ferlerini ve de\u011fer yarg\u0131lar\u0131n\u0131 g\u00f6sterir. Bireyin kendi kendine bi\u00e7ti\u011fi de\u011fer ve maddi kaynaklar\u0131, parayla ili\u015fkisi de Ven\u00fcs\u2019le anlat\u0131l\u0131r. Mitolojide Afrodit, v\u00fccutta toplardamarlar, b\u00f6brekler, bel b\u00f6lgesi, bo\u011faz, tiroid bezesi ve kad\u0131n cinsel organ\u0131 ile ili\u015fkilidir. Ven\u00fcs\u2019\u00fcn bulundu\u011fu bur\u00e7, ev ve a\u00e7\u0131lar\u0131 ki\u015finin kendiyle ve etraf\u0131ndakilerle bar\u0131\u015f i\u00e7inde olup olmad\u0131\u011f\u0131na dair \u00f6nemli bilgiler verir.<\/p>\n\n\n\n<p>Ven\u00fcs Bo\u011fa ve Terazi\u2019yi y\u00f6netir, Bal\u0131k\u2019ta y\u00fccelir Akrep ve Ko\u00e7\u2019ta zararl\u0131, Ba\u015fak\u2019ta d\u00fc\u015f\u00fckt\u00fcr.<\/p>\n\n\n\n<p><strong>MARS<\/strong><\/p>\n\n\n\n<p>Ki\u015finin enerjisini nereden ald\u0131\u011f\u0131n\u0131, kendini ortaya koyu\u015f tarz\u0131n\u0131 ve hayatta kalma becerisini anlat\u0131r. Fiziksel ve psikolojik sava\u015fma ve savunma kapasitesi Mars\u2019la ili\u015fkilidir. Bireyin hayatta hangi alanda efor sarf etti\u011fini, motivasyon kaynaklar\u0131n\u0131, cesaretini anlat\u0131r. K\u00f6t\u00fcc\u00fcl- malefik-do\u011faya sahiptir. K\u0131zg\u0131nl\u0131klar, h\u0131rs, \u00f6fke, \u015fiddet ve su\u00e7a e\u011filim Mars\u2019la anlat\u0131l\u0131r. Eril enerjiyi ve cinselli\u011fe yakla\u015f\u0131m\u0131 anlat\u0131r. Erkek haritas\u0131nda bu enerjiyi nas\u0131l kulland\u0131\u011f\u0131n\u0131, kad\u0131n haritas\u0131ndaysa ne tip erkek fig\u00fcrlere \u00e7ekim hissetti\u011fini, e\u015fini anlat\u0131r. Ayr\u0131ca ameliyatlar, kazalar, yang\u0131nlar, \u0131s\u0131r\u0131k ve yaralanmalar\u0131 anlat\u0131r. Ki\u015finin hayatla nas\u0131l bir m\u00fccadele i\u00e7inde oldu\u011funu haritas\u0131nda Mars\u2019\u0131n bulundu\u011fu, ev, bur\u00e7 ve a\u00e7\u0131larla anlamak m\u00fcmk\u00fcnd\u00fcr. Mitolojide Ares olarak ge\u00e7er. V\u00fccutta kafa b\u00f6lgesini, kaslar\u0131 ve kanda alyuvarlar\u0131 sembolize eder. Ayr\u0131ca erkeklik organ\u0131d\u0131r. Koku ve tat alma duyusunu g\u00f6sterir.<\/p>\n\n\n\n<p>Mars Ko\u00e7 ve Akrep bur\u00e7lar\u0131n\u0131 y\u00f6netir, O\u011flak\u2019ta y\u00fccelir, Terazi ve Bo\u011fa\u2019da zararl\u0131, Yenge\u00e7\u2019te d\u00fc\u015f\u00fckt\u00fcr.<\/p>\n\n\n\n<h6 class=\"wp-block-heading\"><strong>J\u00dcP\u0130TER<\/strong><\/h6>\n\n\n\n<p>Ki\u015finin ya\u015fam\u0131n i\u00e7inde hangi alanda nas\u0131l bir geli\u015fme, ilerleme ve b\u00fcy\u00fcme kaydedece\u011fini anlat\u0131r. Hayatta \u015fans fakt\u00f6r\u00fcn\u00fcn nerede bulundu\u011funu g\u00f6sterir. Bireyin iyimser yakla\u015ft\u0131\u011f\u0131, pozitif bak\u0131\u015fla risk ald\u0131\u011f\u0131 ve \u00f6zg\u00fcrl\u00fc\u011f\u00fcn\u00fc kazand\u0131\u011f\u0131 konular\u0131 anlat\u0131r. \u0130nan\u00e7 ve g\u00fcvenle birlikte s\u0131n\u0131rs\u0131zl\u0131k duygusunu ya\u015fad\u0131\u011f\u0131 ve bilgele\u015fti\u011fi aland\u0131r. J\u00fcpiter ki\u015finin hayat g\u00f6r\u00fc\u015f\u00fcn\u00fc, inan\u00e7 sistemini anlat\u0131r. C\u00f6mertlik, zenginlik ve abart\u0131ya ka\u00e7mak da J\u00fcpiter\u2019le ili\u015fkilendirilir. Mitolojide Zeus olarak kar\u015f\u0131m\u0131za \u00e7\u0131kar. B\u00fcy\u00fck iyiliktir. Ki\u015fiyi geli\u015ftiren manevi ve fiziksel anlamda uzun ke\u015fif yolculuklar\u0131n\u0131 ve y\u00fcksek\u00f6\u011frenimi anlat\u0131r. Medya ve bir g\u00f6r\u00fc\u015f\u00fc ba\u015fkalar\u0131na yaymakla ili\u015fkilidir. Hukuku da anlat\u0131r. J\u00fcpiter\u2019in bulundu\u011fu, ev, bur\u00e7 ve a\u00e7\u0131lar ki\u015finin geli\u015fme potansiyelini anlat\u0131r \u0130nsan v\u00fccudunda detoks vazifesi g\u00f6ren karaci\u011fer, pankreas, siyatik sinirleri, kal\u00e7alar ve uyluklar\u0131 temsil eder.<\/p>\n\n\n\n<p>J\u00fcpiter Yay ve Bal\u0131k\u2019ta y\u00f6netici, \u0130kizler ve Ba\u015fak\u2019ta zararl\u0131d\u0131r.<\/p>\n\n\n\n<p><strong>SAT\u00dcRN<\/strong><\/p>\n\n\n\n<p>Ki\u015finin ya\u015fam\u0131nda hangi konularda ciddi emek sarf etti\u011fini, engellerle y\u00fczle\u015febilece\u011fini ve ger\u00e7ek\u00e7i olmaya \u00e7al\u0131\u015ft\u0131\u011f\u0131n\u0131 anlat\u0131r. K\u0131s\u0131tlanma endi\u015fesiyle korku geli\u015ftirilen aland\u0131r. Disiplinli olma gere\u011fi bulunan konulard\u0131r. Haritada ac\u0131 veren, g\u00fcvensizlik duydu\u011fumuz, endi\u015fe ta\u015f\u0131d\u0131\u011f\u0131m\u0131z konular\u0131 g\u00f6sterir. Ayn\u0131 zamanda bireyin savunma geli\u015ftirdi\u011fi konulard\u0131r. Tedbirli davranmak zorunda hissedilen hatta k\u00f6t\u00fcmser bir bak\u0131\u015f a\u00e7\u0131s\u0131na sahip olunan konular\u0131 i\u015faret eder. Gecikmeler, hayal k\u0131r\u0131kl\u0131klar\u0131 ve depresyonun kayna\u011f\u0131 olabilir. Ki\u015finin ya\u015fam\u0131ndaki otoritelerle, devletle ve baba fig\u00fcr\u00fcyle ili\u015fkisini anlat\u0131r. Karman\u0131n gezegenidir, zaman i\u00e7erisinde kazan\u0131lan olgunluk, tecr\u00fcbe ve bilgelik Sat\u00fcrn ile ger\u00e7ekle\u015fir. Bireyin kariyer ya\u015fam\u0131yla ilgili bilgi verir. \u0130lgili konuda birey otorite olabilir.&nbsp;Astrolojik haritada Sat\u00fcrn\u2019\u00fcn bulundu\u011fu, ev, bur\u00e7 ve a\u00e7\u0131lar ki\u015finin kendi \u00f6z disiplini, \u00f6z sayg\u0131s\u0131 ve otoritesi konusunda a\u00e7\u0131klay\u0131c\u0131d\u0131r. Mitolojide zaman tanr\u0131s\u0131 Kronos olarak ifade edilir.<\/p>\n\n\n\n<p>V\u00fccutta kemikler, iskelet sistemi ve deriyi anlat\u0131r.<\/p>\n\n\n\n<p>Terazi\u2019de y\u00fccelir, O\u011flak ve Kova\u2019da g\u00fc\u00e7l\u00fc, Yenge\u00e7 ve Aslan\u2019da g\u00fc\u00e7s\u00fcz, Ko\u00e7\u2019ta d\u00fc\u015f\u00fckt\u00fcr.<\/p>\n\n\n\n<p><strong>URAN\u00dcS<\/strong><\/p>\n\n\n\n<p>Ki\u015finin ya\u015fam\u0131nda h\u0131zl\u0131, beklenmedik, ani ve s\u00fcrpriz niteli\u011findeki geli\u015fmeleri anlat\u0131r<strong>.<\/strong>&nbsp;Uyand\u0131ran bir enerjidir. Bireyin haritas\u0131nda yerle\u015fimi \u00f6zg\u00fcrl\u00fck ve ayd\u0131nlanma ya\u015fad\u0131\u011f\u0131 konular\u0131 g\u00f6sterir. Uran\u00fcs\u2019le ilgili tan\u0131mlay\u0131c\u0131 ifadeler s\u0131ra d\u0131\u015f\u0131, ba\u011f\u0131ms\u0131z, kaotik, meydan okuyan, herhangi s\u0131n\u0131fa, gruba, olu\u015fuma ait olmayan, orijinal, yarat\u0131c\u0131, tuhaf, al\u0131\u015f\u0131lmam\u0131\u015f, acayip, entelekt\u00fcel, reformist olabilir. K\u0131r\u0131lma, bozulma ve kopmalar da Uran\u00fcs\u2019le anlat\u0131l\u0131r. S\u0131n\u0131rlar\u0131 a\u015fmakla ili\u015fkilidir. Ki\u015fi hangi ya\u015fam\u0131n hangi alanlar\u0131nda farkl\u0131la\u015fma ihtiyac\u0131 g\u00f6sterir ve nerede \u00f6zg\u00fcn fikirlerini, heyecan\u0131n\u0131, hevesini ortaya koyar? Bunlar\u0131 astroloji haritas\u0131nda Uran\u00fcs\u2019\u00fcn bulundu\u011fu, ev ve a\u00e7\u0131lar\u0131 anlat\u0131r. Mitolojide; g\u00f6k tanr\u0131s\u0131 Uranos, di\u011fer tanr\u0131lar\u0131 yaratan tanr\u0131d\u0131r. V\u00fccutta, sinir sistemini, herhangi bir anormal yap\u0131 ve s\u0131ra d\u0131\u015f\u0131 olan\u0131, ayr\u0131ca \u00e7arp\u0131kl\u0131k ve bozukluklar\u0131 anlat\u0131r.<\/p>\n","protected":false},"excerpt":{"rendered":"<p>G\u00dcNE\u015e Ger\u00e7ekliktir. Ger\u00e7ekte ya\u015fad\u0131klar\u0131m\u0131zd\u0131r. Ki\u015fili\u011fin \u00f6z\u00fc, ya\u015fam enerjisi ve yarat\u0131c\u0131 kapasite ile bilgi verir. Ego, bilin\u00e7, hayattaki niyet, ama\u00e7, ula\u015f\u0131lmak istenen hedeftir. &nbsp;Hayatta gidilen y\u00f6n\u00fc anlat\u0131r. Canl\u0131l\u0131\u011f\u0131m\u0131z\u0131n sebebi, \u201colmak\u201d i\u00e7in benimsedi\u011fimiz yol, g\u00fc\u00e7 ve tamamlanma duygusu veren kayna\u011f\u0131 g\u00f6sterir. Ayr\u0131ca kahraman\u0131m\u0131zd\u0131r ve baba ba\u015fta olmak \u00fczere hayat\u0131m\u0131zdaki otorite fig\u00fcrleridir. Kad\u0131n haritas\u0131nda e\u015fle ilgili bilgi verir. [&hellip;]<\/p>\n","protected":false},"author":1,"featured_media":0,"parent":0,"menu_order":0,"comment_status":"closed","ping_status":"closed","template":"","meta":{"om_disable_all_campaigns":false,"footnotes":""},"aioseo_notices":[],"_links":{"self":[{"href":"https:\/\/astroalfa.com\/index.php\/wp-json\/wp\/v2\/pages\/79"}],"collection":[{"href":"https:\/\/astroalfa.com\/index.php\/wp-json\/wp\/v2\/pages"}],"about":[{"href":"https:\/\/astroalfa.com\/index.php\/wp-json\/wp\/v2\/types\/page"}],"author":[{"embeddable":true,"href":"https:\/\/astroalfa.com\/index.php\/wp-json\/wp\/v2\/users\/1"}],"replies":[{"embeddable":true,"href":"https:\/\/astroalfa.com\/index.php\/wp-json\/wp\/v2\/comments?post=79"}],"version-history":[{"count":1,"href":"https:\/\/astroalfa.com\/index.php\/wp-json\/wp\/v2\/pages\/79\/revisions"}],"predecessor-version":[{"id":80,"href":"https:\/\/astroalfa.com\/index.php\/wp-json\/wp\/v2\/pages\/79\/revisions\/80"}],"wp:attachment":[{"href":"https:\/\/astroalfa.com\/index.php\/wp-json\/wp\/v2\/media?parent=79"}],"curies":[{"name":"wp","href":"https:\/\/api.w.org\/{rel}","templated":true}]}}