{"id":81,"date":"2024-02-14T19:43:06","date_gmt":"2024-02-14T16:43:06","guid":{"rendered":"https:\/\/astroalfa.com\/?page_id=81"},"modified":"2024-02-14T19:43:07","modified_gmt":"2024-02-14T16:43:07","slug":"hakkimizda","status":"publish","type":"page","link":"https:\/\/astroalfa.com\/index.php\/hakkimizda\/","title":{"rendered":"Hakk\u0131m\u0131zda"},"content":{"rendered":"\n<p>15 ya\u015f\u0131mdan beri ilgi duydu\u011fum astroloji ile 2010 y\u0131l\u0131nda o\u011flum do\u011fduktan sonra bebek ve \u00e7ocuklar i\u00e7in geli\u015fim s\u00fcre\u00e7leri ile ilgili ara\u015ft\u0131rmalar yaparken astrolojinin ne kadar \u00f6nemli bir etken oldu\u011funu fark etmeye ba\u015flad\u0131m. 2010 y\u0131l\u0131ndan beri astrolojik ara\u015ft\u0131rmalar yaparak kendimi geli\u015ftirdim. 2020 y\u0131l\u0131nda t\u00fcm bildiklerimi tescillemek i\u00e7in sertifikal\u0131 e\u011fitimler ald\u0131m ve hocalar\u0131mla beraber g\u00f6zlemledi\u011fim kadar\u0131yla 10 y\u0131lda edinmi\u015f oldu\u011fum bilgilerin do\u011frulu\u011funa kanaat getirdik. \u00dczerine e\u011fitimlerle ekleyerek ve ara\u015ft\u0131rmaya devam ederek astrolojide \u00f6\u011frenme s\u00fcrecim devam etmektedir. \u00c7\u00fcnk\u00fc astroloji her insanda ba\u015fka bir boyut kazand\u0131ran evren kadar b\u00fcy\u00fck bir deryad\u0131r. Dolay\u0131s\u0131yla \u00f6\u011frenme hayat boyu devam edecektir. Fakat art\u0131k bu tecr\u00fcbelerimle ihtiyac\u0131 olan herkese yard\u0131mda bulunmak amac\u0131yla dan\u0131\u015fmanl\u0131k yapmaya karar verdim. Bu sebeple hepinizi yaz\u0131lar\u0131m\u0131 okumaya ve dan\u0131\u015fmanl\u0131k almaya davet ediyoruz. \u00e7\u00fcnk\u00fc astroloji ile kim oldu\u011fumuzu, hayat amac\u0131m\u0131z\u0131, ki\u015filik ve karakterimizi, yeteneklerimizi, hatta ge\u00e7mi\u015f ve gelece\u011fimizi bilebilir, hayat\u0131m\u0131z\u0131 do\u011fru y\u00f6nlendirebiliriz.<\/p>\n\n\n\n<p><strong><em>Sevgilerimizle<\/em><\/strong>&#8230;<\/p>\n","protected":false},"excerpt":{"rendered":"<p>15 ya\u015f\u0131mdan beri ilgi duydu\u011fum astroloji ile 2010 y\u0131l\u0131nda o\u011flum do\u011fduktan sonra bebek ve \u00e7ocuklar i\u00e7in geli\u015fim s\u00fcre\u00e7leri ile ilgili ara\u015ft\u0131rmalar yaparken astrolojinin ne kadar \u00f6nemli bir etken oldu\u011funu fark etmeye ba\u015flad\u0131m. 2010 y\u0131l\u0131ndan beri astrolojik ara\u015ft\u0131rmalar yaparak kendimi geli\u015ftirdim. 2020 y\u0131l\u0131nda t\u00fcm bildiklerimi tescillemek i\u00e7in sertifikal\u0131 e\u011fitimler ald\u0131m ve hocalar\u0131mla beraber g\u00f6zlemledi\u011fim kadar\u0131yla 10 [&hellip;]<\/p>\n","protected":false},"author":1,"featured_media":0,"parent":0,"menu_order":0,"comment_status":"closed","ping_status":"closed","template":"","meta":{"om_disable_all_campaigns":false,"footnotes":""},"aioseo_notices":[],"_links":{"self":[{"href":"https:\/\/astroalfa.com\/index.php\/wp-json\/wp\/v2\/pages\/81"}],"collection":[{"href":"https:\/\/astroalfa.com\/index.php\/wp-json\/wp\/v2\/pages"}],"about":[{"href":"https:\/\/astroalfa.com\/index.php\/wp-json\/wp\/v2\/types\/page"}],"author":[{"embeddable":true,"href":"https:\/\/astroalfa.com\/index.php\/wp-json\/wp\/v2\/users\/1"}],"replies":[{"embeddable":true,"href":"https:\/\/astroalfa.com\/index.php\/wp-json\/wp\/v2\/comments?post=81"}],"version-history":[{"count":1,"href":"https:\/\/astroalfa.com\/index.php\/wp-json\/wp\/v2\/pages\/81\/revisions"}],"predecessor-version":[{"id":82,"href":"https:\/\/astroalfa.com\/index.php\/wp-json\/wp\/v2\/pages\/81\/revisions\/82"}],"wp:attachment":[{"href":"https:\/\/astroalfa.com\/index.php\/wp-json\/wp\/v2\/media?parent=81"}],"curies":[{"name":"wp","href":"https:\/\/api.w.org\/{rel}","templated":true}]}}